{"id":8617,"date":"2025-10-09T13:07:10","date_gmt":"2025-10-09T13:07:10","guid":{"rendered":"https:\/\/bauservice-invest.com\/ueber-uns\/"},"modified":"2025-12-17T11:06:42","modified_gmt":"2025-12-17T11:06:42","slug":"ueber-uns","status":"publish","type":"page","link":"https:\/\/bauservice-invest.com\/de\/ueber-uns\/","title":{"rendered":"\u00dcber uns"},"content":{"rendered":"\t\t<div data-elementor-type=\"wp-page\" data-elementor-id=\"8617\" class=\"elementor elementor-8617 elementor-7251\" data-elementor-post-type=\"page\">\n\t\t\t\t<div data-dce-background-image-url=\"https:\/\/bauservice-invest.com\/wp-content\/uploads\/2025\/12\/2515_01_S02_C01_P02_00001.jpg\" class=\"elementor-element elementor-element-233d373 e-flex e-con-boxed elementor-invisible e-con e-parent\" data-id=\"233d373\" data-element_type=\"container\" data-e-type=\"container\" data-settings=\"{&quot;background_background&quot;:&quot;classic&quot;,&quot;animation&quot;:&quot;fadeIn&quot;}\">\n\t\t\t\t\t<div class=\"e-con-inner\">\n\t\t\t\t\t<\/div>\n\t\t\t\t<\/div>\n\t\t<div class=\"elementor-element elementor-element-8b03533 e-flex e-con-boxed elementor-invisible e-con e-parent\" data-id=\"8b03533\" data-element_type=\"container\" data-e-type=\"container\" data-settings=\"{&quot;background_background&quot;:&quot;classic&quot;,&quot;animation&quot;:&quot;fadeIn&quot;}\">\n\t\t\t\t\t<div class=\"e-con-inner\">\n\t\t\t\t<div class=\"elementor-element elementor-element-1e5bf9f elementor-widget-divider--view-line_text elementor-widget-divider--element-align-center elementor-widget elementor-widget-divider\" data-id=\"1e5bf9f\" data-element_type=\"widget\" data-e-type=\"widget\" data-widget_type=\"divider.default\">\n\t\t\t\t<div class=\"elementor-widget-container\">\n\t\t\t\t\t\t\t<div class=\"elementor-divider\">\n\t\t\t<span class=\"elementor-divider-separator\">\n\t\t\t\t\t\t\t<h2 class=\"elementor-divider__text elementor-divider__element\">\n\t\t\t\tErfahrung, die Vertrauen schafft\t\t\t\t<\/h2>\n\t\t\t\t\t\t<\/span>\n\t\t<\/div>\n\t\t\t\t\t\t<\/div>\n\t\t\t\t<\/div>\n\t\t<div class=\"elementor-element elementor-element-dc2fa49 e-con-full e-flex e-con e-child\" data-id=\"dc2fa49\" data-element_type=\"container\" data-e-type=\"container\">\n\t\t<div class=\"elementor-element elementor-element-eaf47e5 e-con-full e-flex e-con e-child\" data-id=\"eaf47e5\" data-element_type=\"container\" data-e-type=\"container\">\n\t\t\t\t<div class=\"elementor-element elementor-element-eab4adb elementor-widget elementor-widget-text-editor\" data-id=\"eab4adb\" data-element_type=\"widget\" data-e-type=\"widget\" data-widget_type=\"text-editor.default\">\n\t\t\t\t<div class=\"elementor-widget-container\">\n\t\t\t\t\t\t\t\t\t<p>Bauservice Invest SRL entstand als nat\u00fcrliche Weiterentwicklung einer soliden Erfahrung im Baugewerbe. Als Teil der Bauservice GmbH \/ SRL-Gruppe mit \u00fcber 10 Jahren Erfahrung und einem Team von \u00fcber 130 Fachleuten widmet sich unser Unternehmen heute der Entwicklung und dem Direktverkauf von modernen und effizienten Wohnprojekten. <\/p><p>Wir sind ein junges und motiviertes Team, aber mit tiefen Wurzeln: Die technische Kompetenz der Bauservice GmbH \/ SRL erm\u00f6glicht es uns, Wohnungen zu realisieren, die \u00c4sthetik, Bauqualit\u00e4t und Nachhaltigkeit vereinen.<\/p><p>Jedes Projekt wird von uns pers\u00f6nlich betreut, von der Planungsphase bis zur Schl\u00fcssel\u00fcbergabe, um unseren Kunden Transparenz, Vertrauen und eine direkte Beziehung ohne Zwischenh\u00e4ndler zu bieten.<\/p><p>Unser Ziel ist einfach: sch\u00f6ne, funktionale und langlebige H\u00e4user zu bauen. Und vor allem, ein entspanntes und sicheres Kauferlebnis zu schaffen. <\/p>\t\t\t\t\t\t\t\t<\/div>\n\t\t\t\t<\/div>\n\t\t\t\t<div data-dce-background-color=\"#7E7038\" class=\"elementor-element elementor-element-4ce3949 elementor-align-left button_design elementor-widget elementor-widget-button\" data-id=\"4ce3949\" data-element_type=\"widget\" data-e-type=\"widget\" data-widget_type=\"button.default\">\n\t\t\t\t<div class=\"elementor-widget-container\">\n\t\t\t\t\t\t\t\t\t<div class=\"elementor-button-wrapper\">\n\t\t\t\t\t<a class=\"elementor-button elementor-button-link elementor-size-sm\" href=\"https:\/\/bauservice-invest.com\/de\/alle-immobilien\/\">\n\t\t\t\t\t\t<span class=\"elementor-button-content-wrapper\">\n\t\t\t\t\t\t<span class=\"elementor-button-icon\">\n\t\t\t\t<i aria-hidden=\"true\" class=\" arrow_carrot-2right\"><\/i>\t\t\t<\/span>\n\t\t\t\t\t\t\t\t\t<span class=\"elementor-button-text\">Finden Sie Ihr Traumhaus<\/span>\n\t\t\t\t\t<\/span>\n\t\t\t\t\t<\/a>\n\t\t\t\t<\/div>\n\t\t\t\t\t\t\t\t<\/div>\n\t\t\t\t<\/div>\n\t\t\t\t<\/div>\n\t\t<div class=\"elementor-element elementor-element-62e6b58 e-con-full e-flex e-con e-child\" data-id=\"62e6b58\" data-element_type=\"container\" data-e-type=\"container\" data-settings=\"{&quot;sticky&quot;:&quot;top&quot;,&quot;sticky_on&quot;:[&quot;desktop&quot;],&quot;sticky_offset&quot;:150,&quot;sticky_parent&quot;:&quot;yes&quot;,&quot;sticky_effects_offset&quot;:0,&quot;sticky_anchor_link_offset&quot;:0}\">\n\t\t\t\t<div class=\"elementor-element elementor-element-4e76fac dce_masking-none elementor-widget elementor-widget-image\" data-id=\"4e76fac\" data-element_type=\"widget\" data-e-type=\"widget\" data-widget_type=\"image.default\">\n\t\t\t\t<div class=\"elementor-widget-container\">\n\t\t\t\t\t\t\t\t\t\t\t\t\t\t\t<img fetchpriority=\"high\" decoding=\"async\" width=\"1920\" height=\"1080\" src=\"https:\/\/bauservice-invest.com\/wp-content\/uploads\/2025\/12\/2515_02_S03_C01_P02_00003.jpg\" class=\"attachment-full size-full wp-image-8407\" alt=\"\" srcset=\"https:\/\/bauservice-invest.com\/wp-content\/uploads\/2025\/12\/2515_02_S03_C01_P02_00003.jpg 1920w, https:\/\/bauservice-invest.com\/wp-content\/uploads\/2025\/12\/2515_02_S03_C01_P02_00003-300x169.jpg 300w, https:\/\/bauservice-invest.com\/wp-content\/uploads\/2025\/12\/2515_02_S03_C01_P02_00003-1024x576.jpg 1024w, https:\/\/bauservice-invest.com\/wp-content\/uploads\/2025\/12\/2515_02_S03_C01_P02_00003-768x432.jpg 768w, https:\/\/bauservice-invest.com\/wp-content\/uploads\/2025\/12\/2515_02_S03_C01_P02_00003-1536x864.jpg 1536w\" sizes=\"(max-width: 1920px) 100vw, 1920px\" \/>\t\t\t\t\t\t\t\t\t\t\t\t\t\t\t<\/div>\n\t\t\t\t<\/div>\n\t\t\t\t<\/div>\n\t\t\t\t<\/div>\n\t\t\t\t\t<\/div>\n\t\t\t\t<\/div>\n\t\t\t\t<\/div>\n\t\t","protected":false},"excerpt":{"rendered":"<p>Erfahrung, die Vertrauen schafft Bauservice Invest SRL entstand als nat\u00fcrliche Weiterentwicklung einer soliden Erfahrung im Baugewerbe. Als Teil der Bauservice GmbH \/ SRL-Gruppe mit \u00fcber 10 Jahren Erfahrung und einem Team von \u00fcber 130 Fachleuten widmet sich unser Unternehmen heute der Entwicklung und dem Direktverkauf von modernen und effizienten Wohnprojekten. Wir sind ein junges und [&hellip;]<\/p>\n","protected":false},"author":1,"featured_media":0,"parent":0,"menu_order":0,"comment_status":"closed","ping_status":"closed","template":"","meta":{"_acf_changed":false,"footnotes":""},"class_list":["post-8617","page","type-page","status-publish","hentry"],"acf":[],"yoast_head":"<!-- This site is optimized with the Yoast SEO plugin v27.2 - https:\/\/yoast.com\/product\/yoast-seo-wordpress\/ -->\n<title>Informationen \u00fcber Bauservice Invest SRL | Experten f\u00fcr Bauprojekte<\/title>\n<meta name=\"description\" content=\"Bauservice Invest SRL entwickelt und verkauft moderne, nachhaltige und hochwertige Wohnprojekte mit \u00fcber 10 Jahren Erfahrung.\" \/>\n<meta name=\"robots\" content=\"index, follow, max-snippet:-1, max-image-preview:large, max-video-preview:-1\" \/>\n<link rel=\"canonical\" href=\"https:\/\/bauservice-invest.com\/de\/ueber-uns\/\" \/>\n<meta property=\"og:locale\" content=\"de_DE\" \/>\n<meta property=\"og:type\" content=\"article\" \/>\n<meta property=\"og:title\" content=\"Informationen \u00fcber Bauservice Invest SRL | Experten f\u00fcr Bauprojekte\" \/>\n<meta property=\"og:description\" content=\"Bauservice Invest SRL entwickelt und verkauft moderne, nachhaltige und hochwertige Wohnprojekte mit \u00fcber 10 Jahren Erfahrung.\" \/>\n<meta property=\"og:url\" content=\"https:\/\/bauservice-invest.com\/de\/ueber-uns\/\" \/>\n<meta property=\"og:site_name\" content=\"Bauservice Invest\" \/>\n<meta property=\"article:modified_time\" content=\"2025-12-17T11:06:42+00:00\" \/>\n<meta property=\"og:image\" content=\"https:\/\/bauservice-invest.com\/wp-content\/uploads\/2025\/12\/2515_02_S03_C01_P02_00003.jpg\" \/>\n\t<meta property=\"og:image:width\" content=\"1920\" \/>\n\t<meta property=\"og:image:height\" content=\"1080\" \/>\n\t<meta property=\"og:image:type\" content=\"image\/jpeg\" \/>\n<meta name=\"twitter:card\" content=\"summary_large_image\" \/>\n<meta name=\"twitter:label1\" content=\"Gesch\u00e4tzte Lesezeit\" \/>\n\t<meta name=\"twitter:data1\" content=\"1\u00a0Minute\" \/>\n<script type=\"application\/ld+json\" class=\"yoast-schema-graph\">{\"@context\":\"https:\/\/schema.org\",\"@graph\":[{\"@type\":\"WebPage\",\"@id\":\"https:\/\/bauservice-invest.com\/de\/ueber-uns\/\",\"url\":\"https:\/\/bauservice-invest.com\/de\/ueber-uns\/\",\"name\":\"Informationen \u00fcber Bauservice Invest SRL | Experten f\u00fcr Bauprojekte\",\"isPartOf\":{\"@id\":\"https:\/\/bauservice-invest.com\/de\/#website\"},\"primaryImageOfPage\":{\"@id\":\"https:\/\/bauservice-invest.com\/de\/ueber-uns\/#primaryimage\"},\"image\":{\"@id\":\"https:\/\/bauservice-invest.com\/de\/ueber-uns\/#primaryimage\"},\"thumbnailUrl\":\"https:\/\/bauservice-invest.com\/wp-content\/uploads\/2025\/12\/2515_02_S03_C01_P02_00003.jpg\",\"datePublished\":\"2025-10-09T13:07:10+00:00\",\"dateModified\":\"2025-12-17T11:06:42+00:00\",\"description\":\"Bauservice Invest SRL entwickelt und verkauft moderne, nachhaltige und hochwertige Wohnprojekte mit \u00fcber 10 Jahren Erfahrung.\",\"breadcrumb\":{\"@id\":\"https:\/\/bauservice-invest.com\/de\/ueber-uns\/#breadcrumb\"},\"inLanguage\":\"de\",\"potentialAction\":[{\"@type\":\"ReadAction\",\"target\":[\"https:\/\/bauservice-invest.com\/de\/ueber-uns\/\"]}]},{\"@type\":\"ImageObject\",\"inLanguage\":\"de\",\"@id\":\"https:\/\/bauservice-invest.com\/de\/ueber-uns\/#primaryimage\",\"url\":\"https:\/\/bauservice-invest.com\/wp-content\/uploads\/2025\/12\/2515_02_S03_C01_P02_00003.jpg\",\"contentUrl\":\"https:\/\/bauservice-invest.com\/wp-content\/uploads\/2025\/12\/2515_02_S03_C01_P02_00003.jpg\"},{\"@type\":\"BreadcrumbList\",\"@id\":\"https:\/\/bauservice-invest.com\/de\/ueber-uns\/#breadcrumb\",\"itemListElement\":[{\"@type\":\"ListItem\",\"position\":1,\"name\":\"Home\",\"item\":\"https:\/\/bauservice-invest.com\/de\/\"},{\"@type\":\"ListItem\",\"position\":2,\"name\":\"\u00dcber uns\"}]},{\"@type\":\"WebSite\",\"@id\":\"https:\/\/bauservice-invest.com\/de\/#website\",\"url\":\"https:\/\/bauservice-invest.com\/de\/\",\"name\":\"Maia Living GmbH \u2013 Lebensr\u00e4ume mit Vision\",\"description\":\"\",\"publisher\":{\"@id\":\"https:\/\/bauservice-invest.com\/de\/#organization\"},\"potentialAction\":[{\"@type\":\"SearchAction\",\"target\":{\"@type\":\"EntryPoint\",\"urlTemplate\":\"https:\/\/bauservice-invest.com\/de\/?s={search_term_string}\"},\"query-input\":{\"@type\":\"PropertyValueSpecification\",\"valueRequired\":true,\"valueName\":\"search_term_string\"}}],\"inLanguage\":\"de\"},{\"@type\":\"Organization\",\"@id\":\"https:\/\/bauservice-invest.com\/de\/#organization\",\"name\":\"Maia Living GmbH \u2013 Lebensr\u00e4ume mit Vision\",\"url\":\"https:\/\/bauservice-invest.com\/de\/\",\"logo\":{\"@type\":\"ImageObject\",\"inLanguage\":\"de\",\"@id\":\"https:\/\/bauservice-invest.com\/de\/#\/schema\/logo\/image\/\",\"url\":\"https:\/\/bauservice-invest.com\/wp-content\/uploads\/2025\/06\/Maia-Living-Favicon.png\",\"contentUrl\":\"https:\/\/bauservice-invest.com\/wp-content\/uploads\/2025\/06\/Maia-Living-Favicon.png\",\"width\":400,\"height\":400,\"caption\":\"Maia Living GmbH \u2013 Lebensr\u00e4ume mit Vision\"},\"image\":{\"@id\":\"https:\/\/bauservice-invest.com\/de\/#\/schema\/logo\/image\/\"}}]}<\/script>\n<!-- \/ Yoast SEO plugin. -->","yoast_head_json":{"title":"Informationen \u00fcber Bauservice Invest SRL | Experten f\u00fcr Bauprojekte","description":"Bauservice Invest SRL entwickelt und verkauft moderne, nachhaltige und hochwertige Wohnprojekte mit \u00fcber 10 Jahren Erfahrung.","robots":{"index":"index","follow":"follow","max-snippet":"max-snippet:-1","max-image-preview":"max-image-preview:large","max-video-preview":"max-video-preview:-1"},"canonical":"https:\/\/bauservice-invest.com\/de\/ueber-uns\/","og_locale":"de_DE","og_type":"article","og_title":"Informationen \u00fcber Bauservice Invest SRL | Experten f\u00fcr Bauprojekte","og_description":"Bauservice Invest SRL entwickelt und verkauft moderne, nachhaltige und hochwertige Wohnprojekte mit \u00fcber 10 Jahren Erfahrung.","og_url":"https:\/\/bauservice-invest.com\/de\/ueber-uns\/","og_site_name":"Bauservice Invest","article_modified_time":"2025-12-17T11:06:42+00:00","og_image":[{"width":1920,"height":1080,"url":"https:\/\/bauservice-invest.com\/wp-content\/uploads\/2025\/12\/2515_02_S03_C01_P02_00003.jpg","type":"image\/jpeg"}],"twitter_card":"summary_large_image","twitter_misc":{"Gesch\u00e4tzte Lesezeit":"1\u00a0Minute"},"schema":{"@context":"https:\/\/schema.org","@graph":[{"@type":"WebPage","@id":"https:\/\/bauservice-invest.com\/de\/ueber-uns\/","url":"https:\/\/bauservice-invest.com\/de\/ueber-uns\/","name":"Informationen \u00fcber Bauservice Invest SRL | Experten f\u00fcr Bauprojekte","isPartOf":{"@id":"https:\/\/bauservice-invest.com\/de\/#website"},"primaryImageOfPage":{"@id":"https:\/\/bauservice-invest.com\/de\/ueber-uns\/#primaryimage"},"image":{"@id":"https:\/\/bauservice-invest.com\/de\/ueber-uns\/#primaryimage"},"thumbnailUrl":"https:\/\/bauservice-invest.com\/wp-content\/uploads\/2025\/12\/2515_02_S03_C01_P02_00003.jpg","datePublished":"2025-10-09T13:07:10+00:00","dateModified":"2025-12-17T11:06:42+00:00","description":"Bauservice Invest SRL entwickelt und verkauft moderne, nachhaltige und hochwertige Wohnprojekte mit \u00fcber 10 Jahren Erfahrung.","breadcrumb":{"@id":"https:\/\/bauservice-invest.com\/de\/ueber-uns\/#breadcrumb"},"inLanguage":"de","potentialAction":[{"@type":"ReadAction","target":["https:\/\/bauservice-invest.com\/de\/ueber-uns\/"]}]},{"@type":"ImageObject","inLanguage":"de","@id":"https:\/\/bauservice-invest.com\/de\/ueber-uns\/#primaryimage","url":"https:\/\/bauservice-invest.com\/wp-content\/uploads\/2025\/12\/2515_02_S03_C01_P02_00003.jpg","contentUrl":"https:\/\/bauservice-invest.com\/wp-content\/uploads\/2025\/12\/2515_02_S03_C01_P02_00003.jpg"},{"@type":"BreadcrumbList","@id":"https:\/\/bauservice-invest.com\/de\/ueber-uns\/#breadcrumb","itemListElement":[{"@type":"ListItem","position":1,"name":"Home","item":"https:\/\/bauservice-invest.com\/de\/"},{"@type":"ListItem","position":2,"name":"\u00dcber uns"}]},{"@type":"WebSite","@id":"https:\/\/bauservice-invest.com\/de\/#website","url":"https:\/\/bauservice-invest.com\/de\/","name":"Maia Living GmbH \u2013 Lebensr\u00e4ume mit Vision","description":"","publisher":{"@id":"https:\/\/bauservice-invest.com\/de\/#organization"},"potentialAction":[{"@type":"SearchAction","target":{"@type":"EntryPoint","urlTemplate":"https:\/\/bauservice-invest.com\/de\/?s={search_term_string}"},"query-input":{"@type":"PropertyValueSpecification","valueRequired":true,"valueName":"search_term_string"}}],"inLanguage":"de"},{"@type":"Organization","@id":"https:\/\/bauservice-invest.com\/de\/#organization","name":"Maia Living GmbH \u2013 Lebensr\u00e4ume mit Vision","url":"https:\/\/bauservice-invest.com\/de\/","logo":{"@type":"ImageObject","inLanguage":"de","@id":"https:\/\/bauservice-invest.com\/de\/#\/schema\/logo\/image\/","url":"https:\/\/bauservice-invest.com\/wp-content\/uploads\/2025\/06\/Maia-Living-Favicon.png","contentUrl":"https:\/\/bauservice-invest.com\/wp-content\/uploads\/2025\/06\/Maia-Living-Favicon.png","width":400,"height":400,"caption":"Maia Living GmbH \u2013 Lebensr\u00e4ume mit Vision"},"image":{"@id":"https:\/\/bauservice-invest.com\/de\/#\/schema\/logo\/image\/"}}]}},"_links":{"self":[{"href":"https:\/\/bauservice-invest.com\/de\/wp-json\/wp\/v2\/pages\/8617","targetHints":{"allow":["GET"]}}],"collection":[{"href":"https:\/\/bauservice-invest.com\/de\/wp-json\/wp\/v2\/pages"}],"about":[{"href":"https:\/\/bauservice-invest.com\/de\/wp-json\/wp\/v2\/types\/page"}],"author":[{"embeddable":true,"href":"https:\/\/bauservice-invest.com\/de\/wp-json\/wp\/v2\/users\/1"}],"replies":[{"embeddable":true,"href":"https:\/\/bauservice-invest.com\/de\/wp-json\/wp\/v2\/comments?post=8617"}],"version-history":[{"count":1,"href":"https:\/\/bauservice-invest.com\/de\/wp-json\/wp\/v2\/pages\/8617\/revisions"}],"predecessor-version":[{"id":8618,"href":"https:\/\/bauservice-invest.com\/de\/wp-json\/wp\/v2\/pages\/8617\/revisions\/8618"}],"wp:attachment":[{"href":"https:\/\/bauservice-invest.com\/de\/wp-json\/wp\/v2\/media?parent=8617"}],"curies":[{"name":"wp","href":"https:\/\/api.w.org\/{rel}","templated":true}]}}